{"id":362,"date":"2019-07-14T01:09:57","date_gmt":"2019-07-14T01:09:57","guid":{"rendered":"https:\/\/qualitiz.com\/?page_id=362"},"modified":"2026-02-07T04:38:55","modified_gmt":"2026-02-07T03:38:55","slug":"realisations","status":"publish","type":"page","link":"https:\/\/qualitiz.io\/en\/realisations\/","title":{"rendered":"Our creations"},"content":{"rendered":"<div class=\"wpb-content-wrapper\"><div class=\"vc_row wpb_row vc_row-fluid\"><div class=\"wpb_column vc_column_container vc_col-sm-12\"><div class=\"vc_column-inner\"><div class=\"wpb_wrapper\"><header class=\"kd-section-title col-lg-12 text-center     vc_custom_1770434295823\" ><h2 class=\"separator_off\" >Innovative web and mobile solutions<\/h2><h6 class=\"subtitle\" >Digital platforms, SaaS solutions, and applications built to meet real business needs.<\/h6><\/header><\/div><\/div><\/div><\/div><div class=\"vc_row wpb_row vc_row-fluid\"><div class=\"wpb_column vc_column_container vc_col-sm-12\"><div class=\"vc_column-inner\"><div class=\"wpb_wrapper\"><div class=\"vc_row wpb_row vc_inner vc_row-fluid second vc_column-gap-10\"><div class=\"card-realisations wpb_column vc_column_container vc_col-sm-4\"><div class=\"vc_column-inner\"><div class=\"wpb_wrapper\">\n\t<div  class=\"wpb_single_image wpb_content_element vc_align_center wpb_content_element\">\n\t\t\n\t\t<figure class=\"wpb_wrapper vc_figure\">\n\t\t\t<a href=\"https:\/\/qualitiz.io\/wp-content\/uploads\/2026\/01\/Groupe-55511-1.png\" target=\"_self\" class=\"vc_single_image-wrapper   vc_box_border_grey\"><img loading=\"lazy\" decoding=\"async\" width=\"372\" height=\"252\" src=\"https:\/\/qualitiz.io\/wp-content\/uploads\/2026\/01\/Groupe-55511-1.png\" class=\"vc_single_image-img attachment-full\" alt=\"r\u00e9alisations - Site d&#039;objets publicitaire\" title=\"site-pub-prestashop\" srcset=\"https:\/\/qualitiz.io\/wp-content\/uploads\/2026\/01\/Groupe-55511-1.png 372w, https:\/\/qualitiz.io\/wp-content\/uploads\/2026\/01\/Groupe-55511-1-120x81.png 120w, https:\/\/qualitiz.io\/wp-content\/uploads\/2026\/01\/Groupe-55511-1-18x12.png 18w\" sizes=\"auto, (max-width: 372px) 100vw, 372px\" \/><\/a>\n\t\t<\/figure>\n\t<\/div>\n<header class=\"kd-section-title col-lg-12 text-left     vc_custom_1769600614485\" ><h4 class=\"separator_off\" >Promotional products website<\/h4><\/header>\n\t<div class=\"wpb_text_column wpb_content_element text-card\" >\n\t\t<div class=\"wpb_wrapper\">\n\t\t\t<p>As part of this project, we carried out the redesign of an e-commerce store dedicated to promotional products and corporate gifts. The work focused on integrating new components, optimizing product journeys, and implementing custom features to enhance the overall shopping experience.<\/p>\n\n\t\t<\/div>\n\t<\/div>\n<div class=\"vc_btn3-container  bouton-discover-realisations vc_btn3-left vc_do_btn\" ><a class=\"vc_general vc_btn3 vc_btn3-size-md vc_btn3-shape-rounded vc_btn3-style-modern vc_btn3-color-info\" href=\"https:\/\/qualitiz.com\/contact\/\" title=\"Contact\">More<\/a><\/div><\/div><\/div><\/div><div class=\"card-realisations wpb_column vc_column_container vc_col-sm-4\"><div class=\"vc_column-inner\"><div class=\"wpb_wrapper\">\n\t<div  class=\"wpb_single_image wpb_content_element vc_align_center wpb_content_element\">\n\t\t\n\t\t<figure class=\"wpb_wrapper vc_figure\">\n\t\t\t<a href=\"https:\/\/qualitiz.io\/wp-content\/uploads\/2026\/01\/Groupe-55533-1.png\" target=\"_self\" class=\"vc_single_image-wrapper   vc_box_border_grey\"><img loading=\"lazy\" decoding=\"async\" width=\"372\" height=\"252\" src=\"https:\/\/qualitiz.io\/wp-content\/uploads\/2026\/01\/Groupe-55533-1.png\" class=\"vc_single_image-img attachment-full\" alt=\"r\u00e9alisations - Site de tissus\" title=\"site-tissus-prestashop\" srcset=\"https:\/\/qualitiz.io\/wp-content\/uploads\/2026\/01\/Groupe-55533-1.png 372w, https:\/\/qualitiz.io\/wp-content\/uploads\/2026\/01\/Groupe-55533-1-120x81.png 120w, https:\/\/qualitiz.io\/wp-content\/uploads\/2026\/01\/Groupe-55533-1-18x12.png 18w\" sizes=\"auto, (max-width: 372px) 100vw, 372px\" \/><\/a>\n\t\t<\/figure>\n\t<\/div>\n<header class=\"kd-section-title col-lg-12 text-left     vc_custom_1769600832814\" ><h4 class=\"separator_off\" >Fabrics &amp; haberdashery website<\/h4><\/header>\n\t<div class=\"wpb_text_column wpb_content_element\" >\n\t\t<div class=\"wpb_wrapper\">\n\t\t\t<p>For this e-commerce website specializing in fabrics and sewing accessories, we worked on the redesign and overall optimization of the platform. The project included the creation of new product pages, a clear category structure, and UX improvements aimed at simplifying navigation and user choice.<\/p>\n\n\t\t<\/div>\n\t<\/div>\n<div class=\"vc_btn3-container  bouton-discover-realisations vc_btn3-left vc_do_btn\" ><a class=\"vc_general vc_btn3 vc_btn3-size-md vc_btn3-shape-rounded vc_btn3-style-modern vc_btn3-color-info\" href=\"https:\/\/qualitiz.com\/contact\/\" title=\"Contact\">More<\/a><\/div><\/div><\/div><\/div><div class=\"card-realisations wpb_column vc_column_container vc_col-sm-4\"><div class=\"vc_column-inner\"><div class=\"wpb_wrapper\">\n\t<div  class=\"wpb_single_image wpb_content_element vc_align_center wpb_content_element\">\n\t\t\n\t\t<figure class=\"wpb_wrapper vc_figure\">\n\t\t\t<a href=\"https:\/\/qualitiz.io\/wp-content\/uploads\/2026\/01\/Groupe-55535-1.png\" target=\"_self\" class=\"vc_single_image-wrapper   vc_box_border_grey\"><img loading=\"lazy\" decoding=\"async\" width=\"372\" height=\"252\" src=\"https:\/\/qualitiz.io\/wp-content\/uploads\/2026\/01\/Groupe-55535-1.png\" class=\"vc_single_image-img attachment-full\" alt=\"r\u00e9alisations - Site d&#039;uniformes professionels\" title=\"site-uniformes-prestashop\" srcset=\"https:\/\/qualitiz.io\/wp-content\/uploads\/2026\/01\/Groupe-55535-1.png 372w, https:\/\/qualitiz.io\/wp-content\/uploads\/2026\/01\/Groupe-55535-1-120x81.png 120w, https:\/\/qualitiz.io\/wp-content\/uploads\/2026\/01\/Groupe-55535-1-18x12.png 18w\" sizes=\"auto, (max-width: 372px) 100vw, 372px\" \/><\/a>\n\t\t<\/figure>\n\t<\/div>\n<header class=\"kd-section-title col-lg-12 text-left     vc_custom_1769600937805\" ><h4 class=\"separator_off\" >Professional uniforms website<\/h4><\/header>\n\t<div class=\"wpb_text_column wpb_content_element\" >\n\t\t<div class=\"wpb_wrapper\">\n\t\t\t<p>This project involved the redesign of an e-commerce platform dedicated to professional uniforms and equipment. The scope included in-depth optimization of existing components, restructuring of key pages, and the integration of new features to improve overall performance and user experience.<\/p>\n\n\t\t<\/div>\n\t<\/div>\n<div class=\"vc_btn3-container  bouton-discover-realisations vc_btn3-left vc_do_btn\" ><a class=\"vc_general vc_btn3 vc_btn3-size-md vc_btn3-shape-rounded vc_btn3-style-modern vc_btn3-color-info\" href=\"https:\/\/qualitiz.com\/contact\/\" title=\"Contact\">More<\/a><\/div><\/div><\/div><\/div><\/div><div class=\"vc_row wpb_row vc_inner vc_row-fluid second vc_column-gap-10\"><div class=\"card-realisations wpb_column vc_column_container vc_col-sm-4\"><div class=\"vc_column-inner\"><div class=\"wpb_wrapper\">\n\t<div  class=\"wpb_single_image wpb_content_element vc_align_center wpb_content_element\">\n\t\t\n\t\t<figure class=\"wpb_wrapper vc_figure\">\n\t\t\t<a href=\"https:\/\/qualitiz.io\/wp-content\/uploads\/2026\/01\/Groupe-55532-1.png\" target=\"_self\" class=\"vc_single_image-wrapper   vc_box_border_grey\"><img loading=\"lazy\" decoding=\"async\" width=\"372\" height=\"252\" src=\"https:\/\/qualitiz.io\/wp-content\/uploads\/2026\/01\/Groupe-55532-1.png\" class=\"vc_single_image-img attachment-full\" alt=\"r\u00e9alisations - Roelgames\" title=\"roelgames\" srcset=\"https:\/\/qualitiz.io\/wp-content\/uploads\/2026\/01\/Groupe-55532-1.png 372w, https:\/\/qualitiz.io\/wp-content\/uploads\/2026\/01\/Groupe-55532-1-120x81.png 120w, https:\/\/qualitiz.io\/wp-content\/uploads\/2026\/01\/Groupe-55532-1-18x12.png 18w\" sizes=\"auto, (max-width: 372px) 100vw, 372px\" \/><\/a>\n\t\t<\/figure>\n\t<\/div>\n<header class=\"kd-section-title col-lg-12 text-left     vc_custom_1769601203765\" ><h4 class=\"separator_off\" >Roelgames<\/h4><\/header>\n\t<div class=\"wpb_text_column wpb_content_element\" >\n\t\t<div class=\"wpb_wrapper\">\n\t\t\t<p>Delivery of a tablet-based escape game solution, user-friendly and reusable, operating in offline mode, and supported by a back-office for creating, managing, and deploying multiple games and scenarios.\nThe platform enables the configuration of stages, riddles, and content, which can then be downloaded to tablets to deliver immersive, real-world gameplay experiences.<\/p>\n\n\t\t<\/div>\n\t<\/div>\n<div class=\"vc_btn3-container  bouton-discover-realisations vc_btn3-left vc_do_btn\" ><a class=\"vc_general vc_btn3 vc_btn3-size-md vc_btn3-shape-rounded vc_btn3-style-modern vc_btn3-color-info\" href=\"https:\/\/qualitiz.com\/contact\/\" title=\"Contact\">More<\/a><\/div><\/div><\/div><\/div><div class=\"card-realisations wpb_column vc_column_container vc_col-sm-4\"><div class=\"vc_column-inner\"><div class=\"wpb_wrapper\">\n\t<div  class=\"wpb_single_image wpb_content_element vc_align_center wpb_content_element\">\n\t\t\n\t\t<figure class=\"wpb_wrapper vc_figure\">\n\t\t\t<a href=\"https:\/\/qualitiz.io\/wp-content\/uploads\/2026\/01\/Groupe-55537.png\" target=\"_self\" class=\"vc_single_image-wrapper   vc_box_border_grey\"><img loading=\"lazy\" decoding=\"async\" width=\"372\" height=\"252\" src=\"https:\/\/qualitiz.io\/wp-content\/uploads\/2026\/01\/Groupe-55537.png\" class=\"vc_single_image-img attachment-full\" alt=\"r\u00e9alisations - ManageRest\" title=\"manage-rest\" srcset=\"https:\/\/qualitiz.io\/wp-content\/uploads\/2026\/01\/Groupe-55537.png 372w, https:\/\/qualitiz.io\/wp-content\/uploads\/2026\/01\/Groupe-55537-120x81.png 120w, https:\/\/qualitiz.io\/wp-content\/uploads\/2026\/01\/Groupe-55537-18x12.png 18w\" sizes=\"auto, (max-width: 372px) 100vw, 372px\" \/><\/a>\n\t\t<\/figure>\n\t<\/div>\n<header class=\"kd-section-title col-lg-12 text-left     vc_custom_1769601177746\" ><h4 class=\"separator_off\" >ManageRest<\/h4><\/header>\n\t<div class=\"wpb_text_column wpb_content_element\" >\n\t\t<div class=\"wpb_wrapper\">\n\t\t\t<p>Development of a SaaS platform for managing restaurant operations, built around a centralized back-office and dedicated applications for customers and delivery staff.\nThe solution provides real-time monitoring and operational tracking tools to improve process efficiency, on-field coordination, and overall service quality.<\/p>\n\n\t\t<\/div>\n\t<\/div>\n<div class=\"vc_btn3-container  bouton-discover-realisations vc_btn3-left vc_do_btn\" ><a class=\"vc_general vc_btn3 vc_btn3-size-md vc_btn3-shape-rounded vc_btn3-style-modern vc_btn3-color-info\" href=\"https:\/\/managerest.fr\/\" title=\"ManageRest\" target=\"_blank\">More<\/a><\/div><\/div><\/div><\/div><div class=\"card-realisations wpb_column vc_column_container vc_col-sm-4\"><div class=\"vc_column-inner\"><div class=\"wpb_wrapper\">\n\t<div  class=\"wpb_single_image wpb_content_element vc_align_center wpb_content_element\">\n\t\t\n\t\t<figure class=\"wpb_wrapper vc_figure\">\n\t\t\t<a href=\"https:\/\/qualitiz.io\/wp-content\/uploads\/2026\/01\/Groupe-55540.png\" target=\"_self\" class=\"vc_single_image-wrapper   vc_box_border_grey\"><img loading=\"lazy\" decoding=\"async\" width=\"372\" height=\"252\" src=\"https:\/\/qualitiz.io\/wp-content\/uploads\/2026\/01\/Groupe-55540.png\" class=\"vc_single_image-img attachment-full\" alt=\"r\u00e9alisations - QzTestManager\" title=\"qz-test-manager\" srcset=\"https:\/\/qualitiz.io\/wp-content\/uploads\/2026\/01\/Groupe-55540.png 372w, https:\/\/qualitiz.io\/wp-content\/uploads\/2026\/01\/Groupe-55540-120x81.png 120w, https:\/\/qualitiz.io\/wp-content\/uploads\/2026\/01\/Groupe-55540-18x12.png 18w\" sizes=\"auto, (max-width: 372px) 100vw, 372px\" \/><\/a>\n\t\t<\/figure>\n\t<\/div>\n<header class=\"kd-section-title col-lg-12 text-left     vc_custom_1769601191217\" ><h4 class=\"separator_off\" >QzTestManager<\/h4><\/header>\n\t<div class=\"wpb_text_column wpb_content_element\" >\n\t\t<div class=\"wpb_wrapper\">\n\t\t\t<p>A SaaS platform for software test management, designed and developed to structure test campaigns, centralize test cases, and track execution results.\nIt helps strengthen software quality, delivery reliability, and control over validation processes.<\/p>\n\n\t\t<\/div>\n\t<\/div>\n<div class=\"vc_btn3-container  bouton-discover-realisations vc_btn3-left vc_do_btn\" ><a class=\"vc_general vc_btn3 vc_btn3-size-md vc_btn3-shape-rounded vc_btn3-style-modern vc_btn3-color-info\" href=\"https:\/\/qualitiz.com\/contact\/\" title=\"Contact\">More<\/a><\/div><\/div><\/div><\/div><\/div><div class=\"vc_row wpb_row vc_inner vc_row-fluid second vc_column-gap-10\"><div class=\"card-realisations wpb_column vc_column_container vc_col-sm-4\"><div class=\"vc_column-inner\"><div class=\"wpb_wrapper\">\n\t<div  class=\"wpb_single_image wpb_content_element vc_align_center wpb_content_element\">\n\t\t\n\t\t<figure class=\"wpb_wrapper vc_figure\">\n\t\t\t<a href=\"https:\/\/qualitiz.io\/wp-content\/uploads\/2026\/01\/Groupe-55541.png\" target=\"_self\" class=\"vc_single_image-wrapper   vc_box_border_grey\"><img loading=\"lazy\" decoding=\"async\" width=\"372\" height=\"252\" src=\"https:\/\/qualitiz.io\/wp-content\/uploads\/2026\/01\/Groupe-55541.png\" class=\"vc_single_image-img attachment-full\" alt=\"r\u00e9alisations - QzIASkillsManager\" title=\"qz-ia-skills-manager\" srcset=\"https:\/\/qualitiz.io\/wp-content\/uploads\/2026\/01\/Groupe-55541.png 372w, https:\/\/qualitiz.io\/wp-content\/uploads\/2026\/01\/Groupe-55541-120x81.png 120w, https:\/\/qualitiz.io\/wp-content\/uploads\/2026\/01\/Groupe-55541-18x12.png 18w\" sizes=\"auto, (max-width: 372px) 100vw, 372px\" \/><\/a>\n\t\t<\/figure>\n\t<\/div>\n<header class=\"kd-section-title col-lg-12 text-left     vc_custom_1769603225100\" ><h4 class=\"separator_off\" >QzIASkillsManager<\/h4><\/header>\n\t<div class=\"wpb_text_column wpb_content_element\" >\n\t\t<div class=\"wpb_wrapper\">\n\t\t\t<p class=\"translation-block\">This project is a technical skills management solution designed to structure, analyze, and use the <a href=\"https:\/\/claude.com\/skills\" target=\"_blank\" rel=\"noopener\">\"Skills\"<\/a> (reusable modules) feature of <a href=\"https:\/\/claude.ai\/\" target=\"_blank\" rel=\"noopener\">Claude Code<\/a> in a <a href=\"https:\/\/fr.wikipedia.org\/wiki\/Vibe_coding\" target=\"_blank\" rel=\"nofollow noopener\">\u201cVibe Coding<\/a> (software development assisted by AI) environment.<\/p>\n\n\t\t<\/div>\n\t<\/div>\n<div class=\"vc_btn3-container  bouton-discover-realisations vc_btn3-left vc_do_btn\" ><a class=\"vc_general vc_btn3 vc_btn3-size-md vc_btn3-shape-rounded vc_btn3-style-modern vc_btn3-color-info\" href=\"https:\/\/qualitiz.com\/contact\/\" title=\"Contact\">More<\/a><\/div><\/div><\/div><\/div><div class=\"card-realisations wpb_column vc_column_container vc_col-sm-4\"><div class=\"vc_column-inner\"><div class=\"wpb_wrapper\">\n\t<div  class=\"wpb_single_image wpb_content_element vc_align_center wpb_content_element\">\n\t\t\n\t\t<figure class=\"wpb_wrapper vc_figure\">\n\t\t\t<a href=\"https:\/\/qualitiz.io\/wp-content\/uploads\/2026\/01\/Groupe-de-masques-6370.png\" target=\"_self\" class=\"vc_single_image-wrapper   vc_box_border_grey\"><img loading=\"lazy\" decoding=\"async\" width=\"372\" height=\"252\" src=\"https:\/\/qualitiz.io\/wp-content\/uploads\/2026\/01\/Groupe-de-masques-6370.png\" class=\"vc_single_image-img attachment-full\" alt=\"R\u00e9alisations - QzMemo\" title=\"qzmemo\" srcset=\"https:\/\/qualitiz.io\/wp-content\/uploads\/2026\/01\/Groupe-de-masques-6370.png 372w, https:\/\/qualitiz.io\/wp-content\/uploads\/2026\/01\/Groupe-de-masques-6370-120x81.png 120w, https:\/\/qualitiz.io\/wp-content\/uploads\/2026\/01\/Groupe-de-masques-6370-18x12.png 18w\" sizes=\"auto, (max-width: 372px) 100vw, 372px\" \/><\/a>\n\t\t<\/figure>\n\t<\/div>\n<header class=\"kd-section-title col-lg-12 text-left     vc_custom_1769603234318\" ><h4 class=\"separator_off\" >QzMemo<\/h4><\/header>\n\t<div class=\"wpb_text_column wpb_content_element\" >\n\t\t<div class=\"wpb_wrapper\">\n\t\t\t<p>A memory game built around observation and color-position memorization, designed to analyze a player\u2019s ability to retain and reproduce visual information.<\/p>\n\n\t\t<\/div>\n\t<\/div>\n<div class=\"vc_btn3-container  bouton-discover-realisations vc_btn3-left vc_do_btn\" ><a class=\"vc_general vc_btn3 vc_btn3-size-md vc_btn3-shape-rounded vc_btn3-style-modern vc_btn3-color-info\" href=\"https:\/\/qualitiz.com\/contact\/\" title=\"Contact\">More<\/a><\/div><\/div><\/div><\/div><div class=\"card-realisations wpb_column vc_column_container vc_col-sm-4\"><div class=\"vc_column-inner\"><div class=\"wpb_wrapper\">\n\t<div  class=\"wpb_single_image wpb_content_element vc_align_center wpb_content_element\">\n\t\t\n\t\t<figure class=\"wpb_wrapper vc_figure\">\n\t\t\t<a href=\"https:\/\/qualitiz.io\/wp-content\/uploads\/2026\/01\/Groupe-55543.png\" target=\"_self\" class=\"vc_single_image-wrapper   vc_box_border_grey\"><img loading=\"lazy\" decoding=\"async\" width=\"372\" height=\"252\" src=\"https:\/\/qualitiz.io\/wp-content\/uploads\/2026\/01\/Groupe-55543.png\" class=\"vc_single_image-img attachment-full\" alt=\"r\u00e9alisations - QzRH\" title=\"qz-rh\" srcset=\"https:\/\/qualitiz.io\/wp-content\/uploads\/2026\/01\/Groupe-55543.png 372w, https:\/\/qualitiz.io\/wp-content\/uploads\/2026\/01\/Groupe-55543-120x81.png 120w, https:\/\/qualitiz.io\/wp-content\/uploads\/2026\/01\/Groupe-55543-18x12.png 18w\" sizes=\"auto, (max-width: 372px) 100vw, 372px\" \/><\/a>\n\t\t<\/figure>\n\t<\/div>\n<header class=\"kd-section-title col-lg-12 text-left     vc_custom_1769603252855\" ><h4 class=\"separator_off\" >QzRH<\/h4><\/header>\n\t<div class=\"wpb_text_column wpb_content_element\" >\n\t\t<div class=\"wpb_wrapper\">\n\t\t\t<p>Development of a digital HR platform integrating management and reporting modules to improve HR processes and workforce monitoring.<\/p>\n\n\t\t<\/div>\n\t<\/div>\n<div class=\"vc_btn3-container  bouton-discover-realisations vc_btn3-left vc_do_btn\" ><a class=\"vc_general vc_btn3 vc_btn3-size-md vc_btn3-shape-rounded vc_btn3-style-modern vc_btn3-color-info\" href=\"https:\/\/qualitiz.com\/contact\/\" title=\"Contact\">More<\/a><\/div><\/div><\/div><\/div><\/div><div class=\"vc_row wpb_row vc_inner vc_row-fluid second vc_column-gap-10\"><div class=\"card-realisations wpb_column vc_column_container vc_col-sm-4\"><div class=\"vc_column-inner\"><div class=\"wpb_wrapper\">\n\t<div  class=\"wpb_single_image wpb_content_element vc_align_center wpb_content_element\">\n\t\t\n\t\t<figure class=\"wpb_wrapper vc_figure\">\n\t\t\t<a href=\"https:\/\/qualitiz.io\/wp-content\/uploads\/2026\/01\/Groupe-55544.png\" target=\"_self\" class=\"vc_single_image-wrapper   vc_box_border_grey\"><img loading=\"lazy\" decoding=\"async\" width=\"372\" height=\"252\" src=\"https:\/\/qualitiz.io\/wp-content\/uploads\/2026\/01\/Groupe-55544.png\" class=\"vc_single_image-img attachment-full\" alt=\"r\u00e9alisations - QzTMS\" title=\"qz-tms\" srcset=\"https:\/\/qualitiz.io\/wp-content\/uploads\/2026\/01\/Groupe-55544.png 372w, https:\/\/qualitiz.io\/wp-content\/uploads\/2026\/01\/Groupe-55544-120x81.png 120w, https:\/\/qualitiz.io\/wp-content\/uploads\/2026\/01\/Groupe-55544-18x12.png 18w\" sizes=\"auto, (max-width: 372px) 100vw, 372px\" \/><\/a>\n\t\t<\/figure>\n\t<\/div>\n<header class=\"kd-section-title col-lg-12 text-left     vc_custom_1769603658736\" ><h4 class=\"separator_off\" >QzTMS<\/h4><\/header>\n\t<div class=\"wpb_text_column wpb_content_element\" >\n\t\t<div class=\"wpb_wrapper\">\n\t\t\t<p>This project involves a transportation management solution integrating analytics and monitoring tools to optimize logistics flows and decision-making.<\/p>\n\n\t\t<\/div>\n\t<\/div>\n<div class=\"vc_btn3-container  bouton-discover-realisations vc_btn3-left vc_do_btn\" ><a class=\"vc_general vc_btn3 vc_btn3-size-md vc_btn3-shape-rounded vc_btn3-style-modern vc_btn3-color-info\" href=\"https:\/\/qualitiz.com\/contact\/\" title=\"Contact\">More<\/a><\/div><\/div><\/div><\/div><div class=\"card-realisations wpb_column vc_column_container vc_col-sm-4\"><div class=\"vc_column-inner\"><div class=\"wpb_wrapper\">\n\t<div  class=\"wpb_single_image wpb_content_element vc_align_center wpb_content_element\">\n\t\t\n\t\t<figure class=\"wpb_wrapper vc_figure\">\n\t\t\t<a href=\"https:\/\/qualitiz.io\/wp-content\/uploads\/2026\/01\/Groupe-55550.png\" target=\"_self\" class=\"vc_single_image-wrapper   vc_box_border_grey\"><img loading=\"lazy\" decoding=\"async\" width=\"372\" height=\"252\" src=\"https:\/\/qualitiz.io\/wp-content\/uploads\/2026\/01\/Groupe-55550.png\" class=\"vc_single_image-img attachment-full\" alt=\"r\u00e9alisations - Cosmos Zoom\" title=\"cosmos-zoom\" srcset=\"https:\/\/qualitiz.io\/wp-content\/uploads\/2026\/01\/Groupe-55550.png 372w, https:\/\/qualitiz.io\/wp-content\/uploads\/2026\/01\/Groupe-55550-120x81.png 120w, https:\/\/qualitiz.io\/wp-content\/uploads\/2026\/01\/Groupe-55550-18x12.png 18w\" sizes=\"auto, (max-width: 372px) 100vw, 372px\" \/><\/a>\n\t\t<\/figure>\n\t<\/div>\n<header class=\"kd-section-title col-lg-12 text-left     vc_custom_1769603673010\" ><h4 class=\"separator_off\" >Cosmos Zoom<\/h4><\/header>\n\t<div class=\"wpb_text_column wpb_content_element\" >\n\t\t<div class=\"wpb_wrapper\">\n\t\t\t<p>For this project, an immersive web-based game was developed, replicating the functionality of an online buying and selling platform within a space-themed universe. Players can buy and sell items, manage virtual credits, and perform currency conversions in order to progress through the game.<\/p>\n\n\t\t<\/div>\n\t<\/div>\n<div class=\"vc_btn3-container  bouton-discover-realisations vc_btn3-left vc_do_btn\" ><a class=\"vc_general vc_btn3 vc_btn3-size-md vc_btn3-shape-rounded vc_btn3-style-modern vc_btn3-color-info\" href=\"https:\/\/qualitiz.com\/contact\/\" title=\"Contact\">More<\/a><\/div><\/div><\/div><\/div><div class=\"card-realisations wpb_column vc_column_container vc_col-sm-4\"><div class=\"vc_column-inner\"><div class=\"wpb_wrapper\">\n\t<div  class=\"wpb_single_image wpb_content_element vc_align_center wpb_content_element\">\n\t\t\n\t\t<figure class=\"wpb_wrapper vc_figure\">\n\t\t\t<a href=\"https:\/\/qualitiz.io\/wp-content\/uploads\/2026\/01\/Groupe-55547.png\" target=\"_self\" class=\"vc_single_image-wrapper   vc_box_border_grey\"><img loading=\"lazy\" decoding=\"async\" width=\"372\" height=\"252\" src=\"https:\/\/qualitiz.io\/wp-content\/uploads\/2026\/01\/Groupe-55547.png\" class=\"vc_single_image-img attachment-full\" alt=\"r\u00e9alisations - Marsa BI Param\u00e9trage\" title=\"marsa-maroc\" srcset=\"https:\/\/qualitiz.io\/wp-content\/uploads\/2026\/01\/Groupe-55547.png 372w, https:\/\/qualitiz.io\/wp-content\/uploads\/2026\/01\/Groupe-55547-120x81.png 120w, https:\/\/qualitiz.io\/wp-content\/uploads\/2026\/01\/Groupe-55547-18x12.png 18w\" sizes=\"auto, (max-width: 372px) 100vw, 372px\" \/><\/a>\n\t\t<\/figure>\n\t<\/div>\n<header class=\"kd-section-title col-lg-12 text-left     vc_custom_1769603683715\" ><h4 class=\"separator_off\" >Marsa BI Parameterization<\/h4><\/header>\n\t<div class=\"wpb_text_column wpb_content_element\" >\n\t\t<div class=\"wpb_wrapper\">\n\t\t\t<p>This project involved the development of an intranet application dedicated to business intelligence configuration, aimed at improving the use of decision-making data for Marsa Maroc.<\/p>\n\n\t\t<\/div>\n\t<\/div>\n<div class=\"vc_btn3-container  bouton-discover-realisations vc_btn3-left vc_do_btn\" ><a class=\"vc_general vc_btn3 vc_btn3-size-md vc_btn3-shape-rounded vc_btn3-style-modern vc_btn3-color-info\" href=\"https:\/\/qualitiz.com\/contact\/\" title=\"Contact\">More<\/a><\/div><\/div><\/div><\/div><\/div><\/div><\/div><\/div><\/div>\n<\/div>","protected":false},"excerpt":{"rendered":"Des r\u00e9alisations web et mobile innovantesDes plateformes digitales, SaaS et applications con\u00e7ues pour r\u00e9pondre \u00e0 des enjeux m\u00e9tiers r\u00e9els. Site d\u2019objets publicitaires Dans le cadre de ce [...]","protected":false},"author":1,"featured_media":2297,"parent":0,"menu_order":0,"comment_status":"closed","ping_status":"closed","template":"","meta":{"om_disable_all_campaigns":false,"_monsterinsights_skip_tracking":false,"_monsterinsights_sitenote_active":false,"_monsterinsights_sitenote_note":"","_monsterinsights_sitenote_category":0,"footnotes":""},"class_list":["post-362","page","type-page","status-publish","has-post-thumbnail","hentry"],"aioseo_notices":[],"_links":{"self":[{"href":"https:\/\/qualitiz.io\/en\/wp-json\/wp\/v2\/pages\/362","targetHints":{"allow":["GET"]}}],"collection":[{"href":"https:\/\/qualitiz.io\/en\/wp-json\/wp\/v2\/pages"}],"about":[{"href":"https:\/\/qualitiz.io\/en\/wp-json\/wp\/v2\/types\/page"}],"author":[{"embeddable":true,"href":"https:\/\/qualitiz.io\/en\/wp-json\/wp\/v2\/users\/1"}],"replies":[{"embeddable":true,"href":"https:\/\/qualitiz.io\/en\/wp-json\/wp\/v2\/comments?post=362"}],"version-history":[{"count":84,"href":"https:\/\/qualitiz.io\/en\/wp-json\/wp\/v2\/pages\/362\/revisions"}],"predecessor-version":[{"id":2505,"href":"https:\/\/qualitiz.io\/en\/wp-json\/wp\/v2\/pages\/362\/revisions\/2505"}],"wp:featuredmedia":[{"embeddable":true,"href":"https:\/\/qualitiz.io\/en\/wp-json\/wp\/v2\/media\/2297"}],"wp:attachment":[{"href":"https:\/\/qualitiz.io\/en\/wp-json\/wp\/v2\/media?parent=362"}],"curies":[{"name":"wp","href":"https:\/\/api.w.org\/{rel}","templated":true}]}}