{"id":707,"date":"2022-05-30T15:11:09","date_gmt":"2022-05-30T15:11:09","guid":{"rendered":"http:\/\/192.168.100.199\/?page_id=707"},"modified":"2026-02-06T18:58:05","modified_gmt":"2026-02-06T17:58:05","slug":"mode-projet","status":"publish","type":"page","link":"https:\/\/qualitiz.io\/en\/mode-projet\/","title":{"rendered":"Project mode"},"content":{"rendered":"<div class=\"wpb-content-wrapper\"><div class=\"vc_row wpb_row vc_row-fluid u vc_custom_1701829841756\"><div class=\"wpb_column vc_column_container vc_col-sm-12\"><div class=\"vc_column-inner\"><div class=\"wpb_wrapper\">\n\t<div class=\"wpb_text_column wpb_content_element Title-1\" >\n\t\t<div class=\"wpb_wrapper\">\n\t\t\t<p>Deux approches projet<br \/>\nEn fonction de vos besoins<\/p>\n\n\t\t<\/div>\n\t<\/div>\n<div class=\"vc_row wpb_row vc_inner vc_row-fluid u-r vc_custom_1701828388174 vc_row-o-content-middle vc_row-flex\"><div class=\"wpb_column vc_column_container vc_col-sm-2 vc_col-lg-1 vc_col-md-1 vc_hidden-sm vc_hidden-xs\"><div class=\"vc_column-inner\"><div class=\"wpb_wrapper\"><\/div><\/div><\/div><div class=\"list-html wpb_column vc_column_container vc_col-sm-3 vc_col-lg-4 vc_col-md-4\"><div class=\"vc_column-inner vc_custom_1696526127150\"><div class=\"wpb_wrapper\">\n\t<div class=\"wpb_text_column wpb_content_element u-r-a\" >\n\t\t<div class=\"wpb_wrapper\">\n\t\t\t<p>Assistance Technique \/<br \/>\nR\u00e9gie forfait\u00e9e<\/p>\n\n\t\t<\/div>\n\t<\/div>\n\n\t<div class=\"wpb_raw_code wpb_raw_html wpb_content_element html-list1\" >\n\t\t<div class=\"wpb_wrapper\">\n\t\t\t<ul class=\"kd-icon-list  list\">\n\t<li class=\"kd-icon-list-item list-item\">\n\t\t<div class=\"kd-icon-wrapper icon-simple\">\n\t\t\t<i class><\/i>\n\t\t<\/div>\n\t\t<span class=\"kd-list-text\">\n\t\t\t<img loading=\"lazy\" decoding=\"async\" class=\"size-full wp-image-6972 list-icon\" src=\"\/wp-content\/uploads\/2022\/08\/Groupe-3757@2x.png\" alt width=\"21\" height=\"21\">\n\t\t\t<span class=\"list-text\"> Apport de comp\u00e9tences<\/span>\n\t\t<\/span>\n\t<\/li>\n\t<li class=\"kd-icon-list-item list-item\">\n\t\t<div class=\"kd-icon-wrapper icon-simple\">\n\t\t\t<i class><\/i>\n\t\t<\/div>\n\t\t<span class=\"kd-list-text\">\n\t\t\t<img loading=\"lazy\" decoding=\"async\" class=\"size-full wp-image-6972 list-icon\" src=\"\/wp-content\/uploads\/2022\/08\/Groupe-3757@2x.png\" alt width=\"21\" height=\"21\">\n\t\t\t<span class=\"list-text\">Suivi technique<\/span>\n\t\t<\/span>\n\t<\/li>\n\t<li class=\"kd-icon-list-item list-item\">\n\t\t<div class=\"kd-icon-wrapper icon-simple\">\n\t\t\t<i class><\/i>\n\t\t<\/div>\n\t\t<span class=\"kd-list-text\">\n\t\t\t<img loading=\"lazy\" decoding=\"async\" class=\"size-full wp-image-6972 list-icon\" src=\"\/wp-content\/uploads\/2022\/08\/Groupe-3757@2x.png\" alt width=\"21\" height=\"21\">\n\t\t\t<span class=\"list-text\">R\u00e9unions quotidiennes \u2013 Daily scrum<\/span>\n\t\t<\/span>\n\t<\/li>\n\t<li class=\"kd-icon-list-item list-item\">\n\t\t<div class=\"kd-icon-wrapper icon-simple\">\n\t\t\t<i class><\/i>\n\t\t<\/div>\n\t\t<span class=\"kd-list-text\">\n\t\t\t<img loading=\"lazy\" decoding=\"async\" class=\"size-full wp-image-6972 list-icon\" src=\"\/wp-content\/uploads\/2022\/08\/Groupe-3757@2x.png\" alt width=\"21\" height=\"21\">\n\t\t\t<span class=\"list-text\">Suivi d\u2019activit\u00e9 hebdomadaire<\/span>\n\t\t<\/span>\n\t<\/li>\n\t<li class=\"kd-icon-list-item list-item\">\n\t\t<div class=\"kd-icon-wrapper icon-simple\">\n\t\t\t<i class><\/i>\n\t\t<\/div>\n\t\t<span class=\"kd-list-text\">\n\t\t\t<img loading=\"lazy\" decoding=\"async\" class=\"size-full wp-image-6972 list-icon\" src=\"\/wp-content\/uploads\/2022\/08\/Groupe-3757@2x.png\" alt width=\"21\" height=\"21\">\n\t\t\t<span class=\"list-text\">Tableaux de bord mensuels\n\t\t<\/span>\n\t\t<\/span>\n\t<\/li>\n<\/ul>\n\t\t<\/div>\n\t<\/div>\n<\/div><\/div><\/div><div class=\"circle-animation wpb_column vc_column_container vc_col-sm-2 vc_col-lg-2\"><div class=\"vc_column-inner\"><div class=\"wpb_wrapper\">\n\t<div class=\"wpb_raw_code wpb_raw_html wpb_content_element raw-html\" >\n\t\t<div class=\"wpb_wrapper\">\n\t\t\t<style>\n    #sep_container {\n      height: 351px;\n      width: 138px;\n      display: flex;\n      justify-content: center;\n    }\n    #separator {\n      height: 100%;\n      width: 2px;\n      background: linear-gradient(\n        180deg,\n        #e4e4e400 0%,\n        #e4e4e4ff 12%,\n        #e4e4e4ff 78%,\n        #e4e4e400 100%\n      );\n      overflow: visible;\n      position: relative;\n    }\n    .pie {\n      position: absolute;\n      width: 69px;\n      height: 138px;\n      border-top-left-radius: 150px;\n      border-bottom-left-radius: 150px;\n      border: 12px solid #f6f6f6;\n      box-sizing: border-box;\n      background-color: white;\n      z-index: 1;\n      left: -67.5px;\n      top: 106.5px;\n      border-right: 0;\n      transform-origin: 69px 69px;\n    }\n    .filler {\n      transform: rotateZ(180deg);\n      z-index: 0;\n    }\n  \n    .spinner1 {\n      border: 12px solid #559CAD;\n      border-right: 0;\n      overflow: visible;\n      z-index: 1;\n    }\n    .mask {\n      left: -69px;\n      width: 71px;\n      border: 15px solid #f6f6f6;\n    }\n    @keyframes rotation {\n      0% {\n        transform: rotate(0deg);\n      }\n      100% {\n        transform: rotate(360deg);\n      }\n    }\n    @keyframes opacity {\n      0% {\n        z-index: 2;\n      }\n      50%,\n      100% {\n        z-index: 0;\n      }\n    }\n    @keyframes opacity1 {\n      0% {\n        border: 12px solid #f6f6f6;\n        border-right: 0;\n      }\n      50%,\n      100% {\n        border: 12px solid #559CAD;\n        border-right: 0;\n      }\n    }\n    .animationzf .filler {\n      animation: opacity1 5s steps(1, end) infinite;\n    }\n    .animationzf .spinner1 {\n      position: relative;\n      animation: rotation 5s linear infinite;\n    }\n    .animationzf .mask {\n      animation: opacity 5s steps(1, end) infinite;\n    }\n    #icon-container {\n      position: absolute;\n      width: 138px;\n      height: 138px;\n      border: 12px solid transparent;\n      border-radius: 150px;\n      box-sizing: border-box;\n      z-index: 4;\n      left: -67.5px;\n      top: 106.5px;\n      box-shadow: 0px 6px 12px rgba(0, 0, 0, 0.2);\n    }\n    #icon-switch {\n      background-color: white;\n      width: 100%;\n      height: 100%;\n      border-radius: 150px;\n      background-repeat: no-repeat;\n      background-position: center center;\n      background-size: 60% auto;\n    }\n    .semi-circle-1 {\n      width: 12px;\n      height: 12px;\n      border-radius: 5px;\n      background-color: #559CAD;\n      position: absolute;\n      top: 106.5px;\n      right: -8.5px;\n      z-index: 1000;\n    }\n    .semi-circle-2 {\n      width: 12px;\n      height: 12px;\n      border-radius: 93px !important;\n      background-color: #559CAD;\n      position: absolute;\n      top: -12px;\n      right: -6px;\n      z-index: 14;\n      overflow: visible;\n    }\n  <\/style>\n  <div id=\"sep_container\" class=\"animationzf\">\n    <div id=\"separator\" class=\"sepzf\">\n      <div class=\"semi-circle-1\"><\/div>\n      <div class=\"pie spinner1\">\n        <div class=\"semi-circle-2\"><\/div>\n      <\/div>\n      <div class=\"pie filler\"><\/div>\n      <div class=\"pie mask\"><\/div>\n      <div id=\"icon-container\">\n        <div id=\"icon-switch\" style=\"background-image: url(\/wp-content\/uploads\/2022\/05\/Groupe-3866.png);\"><\/div>\n      <\/div>\n    <\/div>\n  <\/div>\n\t\t<\/div>\n\t<\/div>\n<\/div><\/div><\/div><div class=\"wpb_column vc_column_container vc_col-sm-3 vc_col-lg-4 vc_col-md-4\"><div class=\"vc_column-inner\"><div class=\"wpb_wrapper\">\n\t<div class=\"wpb_text_column wpb_content_element vc_custom_1653927552066 u-r-c\" >\n\t\t<div class=\"wpb_wrapper\">\n\t\t\t<p>Projets au Forfait<\/p>\n\n\t\t<\/div>\n\t<\/div>\n\n\t<div class=\"wpb_raw_code wpb_raw_html wpb_content_element html-list2\" >\n\t\t<div class=\"wpb_wrapper\">\n\t\t\t<ul class=\"kd-icon-list  list\">\n\t<li class=\"kd-icon-list-item list-item\">\n\t\t<div class=\"kd-icon-wrapper icon-simple\">\n\t\t\t<i class><\/i>\n\t\t<\/div>\n\t\t<span class=\"kd-list-text\">\n\t\t\t<img loading=\"lazy\" decoding=\"async\" class=\"size-full wp-image-6972 list-icon\" src=\"\/wp-content\/uploads\/2022\/08\/Groupe-3757@2x.png\" alt width=\"21\" height=\"21\">\n\t\t\t<span class=\"list-text\">Etude du cahier des charges<\/span>\n\t\t<\/span>\n\t<\/li>\n\t<li class=\"kd-icon-list-item list-item\">\n\t\t<div class=\"kd-icon-wrapper icon-simple\">\n\t\t\t<i class><\/i>\n\t\t<\/div>\n\t\t<span class=\"kd-list-text\">\n\t\t\t<img loading=\"lazy\" decoding=\"async\" class=\"size-full wp-image-6972 list-icon\" src=\"\/wp-content\/uploads\/2022\/08\/Groupe-3757@2x.png\" alt width=\"21\" height=\"21\">\n\t\t\t<span class=\"list-text\">Estimation de charge<\/span>\n\t\t<\/span>\n\t<\/li>\n\t<li class=\"kd-icon-list-item list-item\">\n\t\t<div class=\"kd-icon-wrapper icon-simple\">\n\t\t\t<i class><\/i>\n\t\t<\/div>\n\t\t<span class=\"kd-list-text\">\n\t\t\t<img loading=\"lazy\" decoding=\"async\" class=\"size-full wp-image-6972 list-icon\" src=\"\/wp-content\/uploads\/2022\/08\/Groupe-3757@2x.png\" alt width=\"21\" height=\"21\">\n\t\t\t<span class=\"list-text\">Ajustements avec le client<\/span>\n\t\t<\/span>\n\t<\/li>\n\t<li class=\"kd-icon-list-item list-item\">\n\t\t<div class=\"kd-icon-wrapper icon-simple\">\n\t\t\t<i class><\/i>\n\t\t<\/div>\n\t\t<span class=\"kd-list-text\">\n\t\t\t<img loading=\"lazy\" decoding=\"async\" class=\"size-full wp-image-6972 list-icon\" src=\"\/wp-content\/uploads\/2022\/08\/Groupe-3757@2x.png\" alt width=\"21\" height=\"21\">\n\t\t\t<span class=\"list-text\">Envoi de l\u2019offre<\/span>\n\t\t<\/span>\n\t<\/li>\n\t<li class=\"kd-icon-list-item list-item\">\n\t\t<div class=\"kd-icon-wrapper icon-simple\">\n\t\t\t<i class><\/i>\n\t\t<\/div>\n\t\t<span class=\"kd-list-text\">\n\t\t\t<img loading=\"lazy\" decoding=\"async\" class=\"size-full wp-image-6972 list-icon\" src=\"\/wp-content\/uploads\/2022\/08\/Groupe-3757@2x.png\" alt width=\"21\" height=\"21\">\n\t\t\t<span class=\"list-text\">R\u00e9alisation au forfait selon le mode souhait\u00e9 :<\/span>\n\t\t<\/span>\n\t<\/li>\n\t\n<\/ul>\n<div class=\"wpb_text_column wpb_content_element  vc_custom_1652975434066 t-b\">\n\t<div class=\"wpb_wrapper\">\n\t\t<p style=\"text-align: left;\">\n            <div class=\"b-r\">\n\t\t\t    <img decoding=\"async\" loading=\"lazy\" class=\" size-full wp-image-6999\" src=\"\/wp-content\/uploads\/2022\/07\/Groupe-3923.png\" alt width=\"21\" height=\"21\">\n\t\t\t    <span class=\"list-text\">Cycle en V (p\u00e9rim\u00e8tre fixe)<\/span>\n            <\/div>\n\t\t\t<br>\n\t\t\t<img decoding=\"async\" loading=\"lazy\" class=\" size-full wp-image-6999\" src=\"\/wp-content\/uploads\/2022\/07\/Groupe-3923.png\" alt width=\"21\" height=\"21\">\n\t\t\t<span class=\"list-text\">Agile  (nb d\u2019unit\u00e9s d\u2019\u0153uvre fixe)<\/span>\n\t\t<\/p>\n\t<\/div>\n<\/div>\n\t\t<\/div>\n\t<\/div>\n<\/div><\/div><\/div><div class=\"wpb_column vc_column_container vc_col-sm-2 vc_col-lg-1 vc_col-md-1 vc_hidden-sm vc_hidden-xs\"><div class=\"vc_column-inner\"><div class=\"wpb_wrapper\"><\/div><\/div><\/div><\/div><\/div><\/div><\/div><\/div><div class=\"vc_row wpb_row vc_row-fluid\"><div class=\"wpb_column vc_column_container vc_col-sm-12\"><div class=\"vc_column-inner\"><div class=\"wpb_wrapper\">\n\t<div class=\"wpb_raw_code wpb_raw_js\" >\n\t\t<div class=\"wpb_wrapper\">\n\t\t\t<script>\n  let imgs = [\n    \"\/wp-content\/uploads\/2022\/05\/Groupe-3866.png\",\n    \"\/wp-content\/uploads\/2022\/05\/Groupe-3920.png\",\n    \"\/wp-content\/uploads\/2022\/05\/Groupe-3873.png\",\n    \"\/wp-content\/uploads\/2022\/05\/Groupe-3875.png\",\n    \"\/wp-content\/uploads\/2022\/09\/Groupe-5839.png\",\n    \"\/wp-content\/uploads\/2022\/05\/Groupe-3879.png\",\n    \"\/wp-content\/uploads\/2022\/05\/Groupe-3881.png\",\n    \"\/wp-content\/uploads\/2022\/05\/Groupe-3915.png\",\n    \"\/wp-content\/uploads\/2022\/05\/Groupe-3887.png\",\n    \"\/wp-content\/uploads\/2022\/05\/Groupe-3894.png\",\n  ];\n  let container = document.querySelector(\"#sep_container\");\n  let iconContainer = document.querySelector(\"#icon-switch\");\n  let listIcons = document.querySelectorAll(\".list-icon\");\n  let listText = document.querySelectorAll(\".list-text\");\n  let i = 0;\n  listText[i].classList.add(\"selected\");\n  listIcons[i].classList.add(\"selected\");\n  setInterval(() => {\n    i = (i + 1) % 10;\n    iconContainer.style.backgroundImage = \"url(\" + imgs[i] + \")\";\n    listIcons.forEach.call(listIcons, function (el) {\n      el.classList.remove(\"selected\");\n    });\n    listText.forEach.call(listText, function (el) {\n      el.classList.remove(\"selected\");\n    });\n    listText[i].classList.add(\"selected\");\n    listIcons[i].classList.add(\"selected\");\n  }, 5000);\n<\/script>\n\n\t\t<\/div>\n\t<\/div>\n<\/div><\/div><\/div><\/div>\n<\/div>","protected":false},"excerpt":{"rendered":"Deux approches projet En fonction de vos besoins Assistance Technique \/ R\u00e9gie forfait\u00e9e Apport de comp\u00e9tences Suivi technique R\u00e9unions quotidiennes \u2013 Daily scrum Suivi d\u2019activit\u00e9 hebdomadaire Tableaux [...]","protected":false},"author":1,"featured_media":1037,"parent":0,"menu_order":0,"comment_status":"closed","ping_status":"closed","template":"","meta":{"om_disable_all_campaigns":false,"_monsterinsights_skip_tracking":false,"_monsterinsights_sitenote_active":false,"_monsterinsights_sitenote_note":"","_monsterinsights_sitenote_category":0,"footnotes":""},"class_list":["post-707","page","type-page","status-publish","has-post-thumbnail","hentry"],"aioseo_notices":[],"_links":{"self":[{"href":"https:\/\/qualitiz.io\/en\/wp-json\/wp\/v2\/pages\/707","targetHints":{"allow":["GET"]}}],"collection":[{"href":"https:\/\/qualitiz.io\/en\/wp-json\/wp\/v2\/pages"}],"about":[{"href":"https:\/\/qualitiz.io\/en\/wp-json\/wp\/v2\/types\/page"}],"author":[{"embeddable":true,"href":"https:\/\/qualitiz.io\/en\/wp-json\/wp\/v2\/users\/1"}],"replies":[{"embeddable":true,"href":"https:\/\/qualitiz.io\/en\/wp-json\/wp\/v2\/comments?post=707"}],"version-history":[{"count":9,"href":"https:\/\/qualitiz.io\/en\/wp-json\/wp\/v2\/pages\/707\/revisions"}],"predecessor-version":[{"id":2043,"href":"https:\/\/qualitiz.io\/en\/wp-json\/wp\/v2\/pages\/707\/revisions\/2043"}],"wp:featuredmedia":[{"embeddable":true,"href":"https:\/\/qualitiz.io\/en\/wp-json\/wp\/v2\/media\/1037"}],"wp:attachment":[{"href":"https:\/\/qualitiz.io\/en\/wp-json\/wp\/v2\/media?parent=707"}],"curies":[{"name":"wp","href":"https:\/\/api.w.org\/{rel}","templated":true}]}}